{"id":3574,"date":"2019-12-17T15:37:36","date_gmt":"2019-12-17T15:37:36","guid":{"rendered":"https:\/\/lidia-orebic.com\/location\/"},"modified":"2022-03-14T23:32:37","modified_gmt":"2022-03-14T21:32:37","slug":"lokacija","status":"publish","type":"page","link":"https:\/\/lidia-orebic.com\/hr\/lokacija\/","title":{"rendered":"Lokacija"},"content":{"rendered":"\n<div class=\"wp-block-cover alignfull is-light is-style-default header-image mt-0\"><span aria-hidden=\"true\" class=\"has-background-dim-0 wp-block-cover__gradient-background has-background-dim\"><\/span><img loading=\"lazy\" decoding=\"async\" width=\"1600\" height=\"1067\" class=\"wp-block-cover__image-background wp-image-6349\" alt=\"\" src=\"https:\/\/lidia-orebic.com\/wp-content\/uploads\/2022\/02\/peljesac-orebic-lidia-house-from-air-28-arrow.jpg\" style=\"object-position:33% 82%\" data-object-fit=\"cover\" data-object-position=\"33% 82%\" srcset=\"https:\/\/lidia-orebic.com\/wp-content\/uploads\/2022\/02\/peljesac-orebic-lidia-house-from-air-28-arrow.jpg 1600w, https:\/\/lidia-orebic.com\/wp-content\/uploads\/2022\/02\/peljesac-orebic-lidia-house-from-air-28-arrow-700x467.jpg 700w, https:\/\/lidia-orebic.com\/wp-content\/uploads\/2022\/02\/peljesac-orebic-lidia-house-from-air-28-arrow-1200x800.jpg 1200w, https:\/\/lidia-orebic.com\/wp-content\/uploads\/2022\/02\/peljesac-orebic-lidia-house-from-air-28-arrow-768x512.jpg 768w, https:\/\/lidia-orebic.com\/wp-content\/uploads\/2022\/02\/peljesac-orebic-lidia-house-from-air-28-arrow-1536x1024.jpg 1536w, https:\/\/lidia-orebic.com\/wp-content\/uploads\/2022\/02\/peljesac-orebic-lidia-house-from-air-28-arrow-500x333.jpg 500w, https:\/\/lidia-orebic.com\/wp-content\/uploads\/2022\/02\/peljesac-orebic-lidia-house-from-air-28-arrow-800x534.jpg 800w, https:\/\/lidia-orebic.com\/wp-content\/uploads\/2022\/02\/peljesac-orebic-lidia-house-from-air-28-arrow-1280x854.jpg 1280w\" sizes=\"auto, (max-width: 1600px) 100vw, 1600px\" \/><div class=\"wp-block-cover__inner-container is-layout-flow wp-block-cover-is-layout-flow\">\n<p class=\"has-text-align-center has-large-font-size\"><\/p>\n<\/div><\/div>\n\n\n\n<h1 class=\"has-text-align-center wp-block-heading\">Apartmani Lidia lokacija &#8211; kako do\u0107i do Orebi\u0107a<\/h1>\n\n\n\n<p>Orebi\u0107 se nalazi na jugozapadnom dijelu poluotoka Pelje\u0161ac i popularno je ljetno odredi\u0161te. Tako\u0111er je i luka s polascima za Kor\u010dulu.<\/p>\n\n\n\n<p>Ku\u0107a Lidia nalazi se na pristupa\u010dnoj lokaciji s pogledom na Orebi\u0107, blizu glavnih prometnica koje prolaze kroz Orebi\u0107.<\/p>\n\n\n\n<h2 class=\"wp-block-heading\" id=\"map\">Karta<\/h2>\n\n\n\n<div class=\"wp-block-media-text is-stacked-on-mobile is-style-default\" style=\"grid-template-columns:29% auto\"><figure class=\"wp-block-media-text__media\"><img loading=\"lazy\" decoding=\"async\" width=\"1200\" height=\"800\" src=\"https:\/\/lidia-orebic.com\/wp-content\/uploads\/2022\/02\/peljesac-orebic-lidia-house-from-air-31-arrow-1200x800.jpg\" alt=\"Apartmani Lidia lokacija ku\u0107e.\" class=\"wp-image-6351 size-full\" srcset=\"https:\/\/lidia-orebic.com\/wp-content\/uploads\/2022\/02\/peljesac-orebic-lidia-house-from-air-31-arrow-1200x800.jpg 1200w, https:\/\/lidia-orebic.com\/wp-content\/uploads\/2022\/02\/peljesac-orebic-lidia-house-from-air-31-arrow-700x467.jpg 700w, https:\/\/lidia-orebic.com\/wp-content\/uploads\/2022\/02\/peljesac-orebic-lidia-house-from-air-31-arrow-768x512.jpg 768w, https:\/\/lidia-orebic.com\/wp-content\/uploads\/2022\/02\/peljesac-orebic-lidia-house-from-air-31-arrow-1536x1024.jpg 1536w, https:\/\/lidia-orebic.com\/wp-content\/uploads\/2022\/02\/peljesac-orebic-lidia-house-from-air-31-arrow-500x333.jpg 500w, https:\/\/lidia-orebic.com\/wp-content\/uploads\/2022\/02\/peljesac-orebic-lidia-house-from-air-31-arrow-800x534.jpg 800w, https:\/\/lidia-orebic.com\/wp-content\/uploads\/2022\/02\/peljesac-orebic-lidia-house-from-air-31-arrow-1280x854.jpg 1280w, https:\/\/lidia-orebic.com\/wp-content\/uploads\/2022\/02\/peljesac-orebic-lidia-house-from-air-31-arrow.jpg 1600w\" sizes=\"auto, (max-width: 1200px) 100vw, 1200px\" \/><\/figure><div class=\"wp-block-media-text__content\">\n<p class=\"has-large-font-size\">Kliknite poveznicu \u201cUpute\u201d za detaljne informacije kako do\u0107i s va\u0161e lokacije do apartmana Lidia.<\/p>\n<\/div><\/div>\n\n\n\n<div style=\"height:35px\" aria-hidden=\"true\" class=\"wp-block-spacer\"><\/div>\n\n\n\n<div class=\"wp-block-group alignfull\"><div class=\"wp-block-group__inner-container is-layout-flow wp-block-group-is-layout-flow\"><\/div><\/div>\n\n\n\n<div style=\"height:30px\" aria-hidden=\"true\" class=\"wp-block-spacer\"><\/div>\n\n\n\n\n\n<p><\/p>\n","protected":false},"excerpt":{"rendered":"<p>Apartmani Lidia lokacija &#8211; kako do\u0107i do Orebi\u0107a Orebi\u0107 se nalazi na jugozapadnom dijelu poluotoka Pelje\u0161ac i popularno je ljetno odredi\u0161te. Tako\u0111er je i luka s polascima za Kor\u010dulu. Ku\u0107a Lidia nalazi se na pristupa\u010dnoj lokaciji s pogledom na Orebi\u0107, blizu glavnih prometnica koje prolaze kroz Orebi\u0107. Karta Kliknite poveznicu \u201cUpute\u201d za detaljne informacije kako [&hellip;]<\/p>\n","protected":false},"author":1,"featured_media":6349,"parent":0,"menu_order":21,"comment_status":"closed","ping_status":"closed","template":"","meta":{"_genesis_hide_title":false,"_genesis_hide_breadcrumbs":false,"_genesis_hide_singular_image":false,"_genesis_hide_footer_widgets":false,"_genesis_custom_body_class":"","_genesis_custom_post_class":"","_genesis_layout":"","footnotes":""},"class_list":{"0":"post-3574","1":"page","2":"type-page","3":"status-publish","4":"has-post-thumbnail","6":"entry"},"_links":{"self":[{"href":"https:\/\/lidia-orebic.com\/hr\/wp-json\/wp\/v2\/pages\/3574","targetHints":{"allow":["GET"]}}],"collection":[{"href":"https:\/\/lidia-orebic.com\/hr\/wp-json\/wp\/v2\/pages"}],"about":[{"href":"https:\/\/lidia-orebic.com\/hr\/wp-json\/wp\/v2\/types\/page"}],"author":[{"embeddable":true,"href":"https:\/\/lidia-orebic.com\/hr\/wp-json\/wp\/v2\/users\/1"}],"replies":[{"embeddable":true,"href":"https:\/\/lidia-orebic.com\/hr\/wp-json\/wp\/v2\/comments?post=3574"}],"version-history":[{"count":0,"href":"https:\/\/lidia-orebic.com\/hr\/wp-json\/wp\/v2\/pages\/3574\/revisions"}],"wp:featuredmedia":[{"embeddable":true,"href":"https:\/\/lidia-orebic.com\/hr\/wp-json\/wp\/v2\/media\/6349"}],"wp:attachment":[{"href":"https:\/\/lidia-orebic.com\/hr\/wp-json\/wp\/v2\/media?parent=3574"}],"curies":[{"name":"wp","href":"https:\/\/api.w.org\/{rel}","templated":true}]}}