{"id":7426,"date":"2019-12-17T15:37:36","date_gmt":"2019-12-17T15:37:36","guid":{"rendered":"https:\/\/lidia-orebic.com\/location\/"},"modified":"2022-03-16T22:42:34","modified_gmt":"2022-03-16T20:42:34","slug":"lage","status":"publish","type":"page","link":"https:\/\/lidia-orebic.com\/de\/lage\/","title":{"rendered":"Lage"},"content":{"rendered":"\n<div class=\"wp-block-cover alignfull is-light is-style-default header-image mt-0\"><span aria-hidden=\"true\" class=\"has-background-dim-0 wp-block-cover__gradient-background has-background-dim\"><\/span><img loading=\"lazy\" decoding=\"async\" width=\"1600\" height=\"1067\" class=\"wp-block-cover__image-background wp-image-7230\" alt=\"\" src=\"https:\/\/lidia-orebic.com\/wp-content\/uploads\/2022\/02\/peljesac-orebic-lidia-house-from-air-28-arrow.jpg\" style=\"object-position:33% 82%\" data-object-fit=\"cover\" data-object-position=\"33% 82%\" srcset=\"https:\/\/lidia-orebic.com\/wp-content\/uploads\/2022\/02\/peljesac-orebic-lidia-house-from-air-28-arrow.jpg 1600w, https:\/\/lidia-orebic.com\/wp-content\/uploads\/2022\/02\/peljesac-orebic-lidia-house-from-air-28-arrow-700x467.jpg 700w, https:\/\/lidia-orebic.com\/wp-content\/uploads\/2022\/02\/peljesac-orebic-lidia-house-from-air-28-arrow-1200x800.jpg 1200w, https:\/\/lidia-orebic.com\/wp-content\/uploads\/2022\/02\/peljesac-orebic-lidia-house-from-air-28-arrow-768x512.jpg 768w, https:\/\/lidia-orebic.com\/wp-content\/uploads\/2022\/02\/peljesac-orebic-lidia-house-from-air-28-arrow-1536x1024.jpg 1536w, https:\/\/lidia-orebic.com\/wp-content\/uploads\/2022\/02\/peljesac-orebic-lidia-house-from-air-28-arrow-500x333.jpg 500w, https:\/\/lidia-orebic.com\/wp-content\/uploads\/2022\/02\/peljesac-orebic-lidia-house-from-air-28-arrow-800x534.jpg 800w, https:\/\/lidia-orebic.com\/wp-content\/uploads\/2022\/02\/peljesac-orebic-lidia-house-from-air-28-arrow-1280x854.jpg 1280w\" sizes=\"auto, (max-width: 1600px) 100vw, 1600px\" \/><div class=\"wp-block-cover__inner-container is-layout-flow wp-block-cover-is-layout-flow\">\n<p class=\"has-text-align-center has-large-font-size\"><\/p>\n<\/div><\/div>\n\n\n\n<h1 class=\"has-text-align-center wp-block-heading\">Ferienwohnungen Lidia Lage &#8211; Orebic Anfahrtsbeschreibung<\/h1>\n\n\n\n<p>Orebic liegt im s\u00fcdwestlichen Teil der Halbinsel Peljesac und ist ein beliebter Sommerurlaubsort. Es ist auch ein F\u00e4hrhafen f\u00fcr Abfahrten nach Korcula.<\/p>\n\n\n\n<p>Das Haus Lidia befindet sich an einem zug\u00e4nglichen Ort mit Blick auf Orebic, in der N\u00e4he der Hauptverbindungen und Stra\u00dfen, die durch Orebic f\u00fchren.<\/p>\n\n\n\n<h2 class=\"wp-block-heading\" id=\"map\">Karte<\/h2>\n\n\n\n<div class=\"wp-block-media-text is-stacked-on-mobile is-style-default\" style=\"grid-template-columns:29% auto\"><figure class=\"wp-block-media-text__media\"><img loading=\"lazy\" decoding=\"async\" width=\"1200\" height=\"800\" src=\"https:\/\/lidia-orebic.com\/wp-content\/uploads\/2022\/02\/peljesac-orebic-lidia-house-from-air-31-arrow-1200x800.jpg\" alt=\"Ferienwohnungen Lidia Hauslage.\" class=\"wp-image-7231 size-full\" srcset=\"https:\/\/lidia-orebic.com\/wp-content\/uploads\/2022\/02\/peljesac-orebic-lidia-house-from-air-31-arrow-1200x800.jpg 1200w, https:\/\/lidia-orebic.com\/wp-content\/uploads\/2022\/02\/peljesac-orebic-lidia-house-from-air-31-arrow-700x467.jpg 700w, https:\/\/lidia-orebic.com\/wp-content\/uploads\/2022\/02\/peljesac-orebic-lidia-house-from-air-31-arrow-768x512.jpg 768w, https:\/\/lidia-orebic.com\/wp-content\/uploads\/2022\/02\/peljesac-orebic-lidia-house-from-air-31-arrow-1536x1024.jpg 1536w, https:\/\/lidia-orebic.com\/wp-content\/uploads\/2022\/02\/peljesac-orebic-lidia-house-from-air-31-arrow-500x333.jpg 500w, https:\/\/lidia-orebic.com\/wp-content\/uploads\/2022\/02\/peljesac-orebic-lidia-house-from-air-31-arrow-800x534.jpg 800w, https:\/\/lidia-orebic.com\/wp-content\/uploads\/2022\/02\/peljesac-orebic-lidia-house-from-air-31-arrow-1280x854.jpg 1280w, https:\/\/lidia-orebic.com\/wp-content\/uploads\/2022\/02\/peljesac-orebic-lidia-house-from-air-31-arrow.jpg 1600w\" sizes=\"auto, (max-width: 1200px) 100vw, 1200px\" \/><\/figure><div class=\"wp-block-media-text__content\">\n<p class=\"has-large-font-size\">Klicken Sie auf den Link \u201eWegbeschreibung\u201c f\u00fcr die detaillierte Anreiseroute von Ihrem Standort zu den Ferienwohnungen Lidia auf der Karte.<\/p>\n<\/div><\/div>\n\n\n\n<div style=\"height:35px\" aria-hidden=\"true\" class=\"wp-block-spacer\"><\/div>\n\n\n\n<div class=\"wp-block-group alignfull\"><div class=\"wp-block-group__inner-container is-layout-flow wp-block-group-is-layout-flow\"><\/div><\/div>\n\n\n\n<div style=\"height:30px\" aria-hidden=\"true\" class=\"wp-block-spacer\"><\/div>\n\n\n\n<div class=\"wp-block-buttons is-content-justification-center is-layout-flex wp-container-core-buttons-is-layout-16018d1d wp-block-buttons-is-layout-flex\">\n<div class=\"wp-block-button\"><a class=\"wp-block-button__link has-theme-secondary-background-color has-background\" href=\"https:\/\/lidia-orebic.com\/de\/kontakt\/\" style=\"border-radius:22px\">KONTAKT UND ERREICHBARKEIT<\/a><\/div>\n<\/div>\n\n\n\n<p><\/p>\n","protected":false},"excerpt":{"rendered":"<p>Ferienwohnungen Lidia Lage &#8211; Orebic Anfahrtsbeschreibung Orebic liegt im s\u00fcdwestlichen Teil der Halbinsel Peljesac und ist ein beliebter Sommerurlaubsort. Es ist auch ein F\u00e4hrhafen f\u00fcr Abfahrten nach Korcula. Das Haus Lidia befindet sich an einem zug\u00e4nglichen Ort mit Blick auf Orebic, in der N\u00e4he der Hauptverbindungen und Stra\u00dfen, die durch Orebic f\u00fchren. Karte Klicken Sie [&hellip;]<\/p>\n","protected":false},"author":1,"featured_media":7230,"parent":0,"menu_order":22,"comment_status":"closed","ping_status":"closed","template":"","meta":{"_genesis_hide_title":false,"_genesis_hide_breadcrumbs":false,"_genesis_hide_singular_image":false,"_genesis_hide_footer_widgets":false,"_genesis_custom_body_class":"","_genesis_custom_post_class":"","_genesis_layout":"","footnotes":""},"class_list":{"0":"post-7426","1":"page","2":"type-page","3":"status-publish","4":"has-post-thumbnail","6":"entry"},"_links":{"self":[{"href":"https:\/\/lidia-orebic.com\/de\/wp-json\/wp\/v2\/pages\/7426","targetHints":{"allow":["GET"]}}],"collection":[{"href":"https:\/\/lidia-orebic.com\/de\/wp-json\/wp\/v2\/pages"}],"about":[{"href":"https:\/\/lidia-orebic.com\/de\/wp-json\/wp\/v2\/types\/page"}],"author":[{"embeddable":true,"href":"https:\/\/lidia-orebic.com\/de\/wp-json\/wp\/v2\/users\/1"}],"replies":[{"embeddable":true,"href":"https:\/\/lidia-orebic.com\/de\/wp-json\/wp\/v2\/comments?post=7426"}],"version-history":[{"count":0,"href":"https:\/\/lidia-orebic.com\/de\/wp-json\/wp\/v2\/pages\/7426\/revisions"}],"wp:featuredmedia":[{"embeddable":true,"href":"https:\/\/lidia-orebic.com\/de\/wp-json\/wp\/v2\/media\/7230"}],"wp:attachment":[{"href":"https:\/\/lidia-orebic.com\/de\/wp-json\/wp\/v2\/media?parent=7426"}],"curies":[{"name":"wp","href":"https:\/\/api.w.org\/{rel}","templated":true}]}}